{"id":141,"date":"2019-07-22T20:44:20","date_gmt":"2019-07-22T18:44:20","guid":{"rendered":"http:\/\/www.meinuhrmacher24.de\/?page_id=141"},"modified":"2025-01-20T01:03:15","modified_gmt":"2025-01-20T00:03:15","slug":"datenschutzerklaerung","status":"publish","type":"page","link":"https:\/\/www.meinuhrmacher24.de\/online-uhrreparatur\/datenschutzerklaerung\/","title":{"rendered":"Datenschutzerkl\u00e4rung"},"content":{"rendered":"<p>[et_pb_section fb_built=&#8220;1&#8243; _builder_version=&#8220;4.16&#8243; background_enable_color=&#8220;off&#8220; background_color_gradient_start=&#8220;#ffffff&#8220; background_color_gradient_end=&#8220;#d6d6d6&#8243; background_image=&#8220;https:\/\/www.meinuhrmacher24.de\/wp-content\/uploads\/2021\/11\/datenschutz_meinuhrmacher24.jpg&#8220; global_colors_info=&#8220;{}&#8220;][et_pb_row _builder_version=&#8220;4.16&#8243; background_color=&#8220;rgba(0,0,0,0.41)&#8220; global_colors_info=&#8220;{}&#8220;][et_pb_column type=&#8220;4_4&#8243; _builder_version=&#8220;4.16&#8243; global_colors_info=&#8220;{}&#8220;][et_pb_text _builder_version=&#8220;4.16&#8243; header_text_color=&#8220;#e09900&#8243; header_font_size=&#8220;41px&#8220; global_colors_info=&#8220;{}&#8220;]<\/p>\n<h1 style=\"text-align: center;\">Datenschutzerkl\u00e4rung<\/h1>\n<p>[\/et_pb_text][\/et_pb_column][\/et_pb_row][\/et_pb_section][et_pb_section fb_built=&#8220;1&#8243; _builder_version=&#8220;4.16&#8243; background_color=&#8220;#ffffff&#8220; custom_margin=&#8220;-27px|||||&#8220; global_colors_info=&#8220;{}&#8220;][et_pb_row _builder_version=&#8220;4.16&#8243; width=&#8220;85.1%&#8220; global_colors_info=&#8220;{}&#8220;][et_pb_column type=&#8220;4_4&#8243; _builder_version=&#8220;4.16&#8243; global_colors_info=&#8220;{}&#8220;][et_pb_text _builder_version=&#8220;4.16&#8243; text_text_color=&#8220;#000000&#8243; background_color=&#8220;#ffffff&#8220; custom_margin=&#8220;0px|||16px|false|false&#8220; global_colors_info=&#8220;{}&#8220;]<\/p>\n<div style=\"text-align: justify;\">\n<p><strong>Datenschutzerkl\u00e4rung von www.meinuhrmacher24.de<\/strong><\/p>\n<p>Sehr geehrte Besucherinnen und Besucher, wir freuen uns \u00fcber Ihren Besuch auf unseren Webseiten. Wir m\u00f6chten, dass Sie sich hierbei sicher und wohl f\u00fchlen. Der Schutz Ihrer Privatsph\u00e4re ist f\u00fcr uns von hoher Bedeutung. Die nachfolgenden Datenschutzbestimmungen sind daf\u00fcr gedacht, Sie \u00fcber unsere Handhabung der Erhebung, Verwendung und Weitergabe von pers\u00f6nlichen Daten zu informieren.<\/p>\n<p>&nbsp;<\/p>\n<p><strong>Verantwortliche Stelle<\/strong><\/p>\n<p>MeinUhrmacher24<\/p>\n<p>Herr Maximilian Herrmann<\/p>\n<p>Azenbergstra\u00dfe 31<\/p>\n<p>70174 Stuttgart<\/p>\n<p>info@meinuhrmacher24.de<\/p>\n<p>&nbsp;<\/p>\n<p><strong>Nutzungsdaten<\/strong><\/p>\n<p>Um die Qualit\u00e4t und Funktionsf\u00e4higkeit unserer Webseiten zu verbessern und f\u00fcr den Fall einer Strafverfolgung, speichern wir zu statistischen Zwecken Daten \u00fcber den einzelnen Zugriff auf unsere Seiten. Dieser Datensatz besteht aus<\/p>\n<ul>\n<li>der Seite, von der aus die Datei angefordert wurde,<\/li>\n<li>dem Namen der Datei,<\/li>\n<li>dem Datum und der Uhrzeit der Abfrage,<\/li>\n<li>der \u00fcbertragenen Datenmenge,<\/li>\n<li>dem Zugriffsstatus (Datei \u00fcbertragen, Datei nicht gefunden),<\/li>\n<li>Beschreibung des Typs des verwendeten Webbrowsers,<\/li>\n<li>der IP-Adresse des anfragenden Rechners<\/li>\n<\/ul>\n<p>&nbsp;<\/p>\n<p>Rechtsgrundlage f\u00fcr diese Datenverarbeitung ist Art. 6 Abs. 1 lit. f DSGVO (berechtigten Interessen des Verantwortlichen).<\/p>\n<p>Die o.g. Gr\u00fcnde stellen auch das berechtigte Interesse f\u00fcr die Datenverarbeitung nach Art. 6 Abs. 1 lit. f DSGVO dar.<\/p>\n<p>&nbsp;<\/p>\n<p><strong>Registrierungsprozess<\/strong><\/p>\n<p>Sie k\u00f6nnen sich auf unserer Webseite registrieren. Im Rahmen des Registrierungsprozesses erheben und verarbeiten wir folgende Daten:<\/p>\n<p>E-Mail Adresse, Klarname, Adresse, Geschlecht, Daten zur Kundenuhr, wie Uhrenmarke Modell<\/p>\n<p>Diese Daten werden verarbeitet, um Ihr Nutzungsprofil zu erstellen, Ihnen die erforderlichen Zugangsdaten zukommen zu lassen, etwaige Kosten abzurechnen und Kontakt mit Ihnen aufzunehmen.<\/p>\n<p>Rechtgrundlage f\u00fcr die Verarbeitung der bei der Registrierung eingegebenen Daten ist Art. 6 Abs. 1 lit. a DSGVO (Einwilligung). Ihre Daten bleiben so lange gespeichert, wie Ihr Profil besteht und\/oder diese aus Abrechnungsgr\u00fcnden ben\u00f6tigt werden (z.B. rechtliche Aufbewahrungsfristen).<\/p>\n<p>Sie k\u00f6nnen Ihren Account nicht selbst\u00e4ndig l\u00f6schen.<\/p>\n<p>Die Daten werden an Dritte \u00fcbermittelt.<\/p>\n<p>Die Daten werden an folgende Stellen \u00fcbermittelt: Versanddienstleister und Transportunternehmen, Partneruhrmacher.<\/p>\n<p>Die f\u00fcr den Versand Ihrer Uhr vom jeweiligen Transportunternehmen ben\u00f6tigte Daten, wie Anschrift, Name, ggf. Telefonnummer und E-Mail Adresse f\u00fcr die Versandbest\u00e4tigungen und \u00dcbermittlung eines Trackinglinks des Sendungsstatus. Ebenso werden Daten an den jeweiligen, f\u00fcr Ihren Auftrag zust\u00e4ndigen Uhrmacher \u00fcbermittelt. Hierzu geh\u00f6ren Name, Anschrift, ggf. Telefonnummer und E-Mail Adresse sowie Daten zu Ihrer Uhr.<\/p>\n<p>Die Daten werden aus folgenden Gr\u00fcnden \u00fcbermittelt:<\/p>\n<p>Beauftragung von Versanddienstleistern und Transportunternehmen sowie Beauftragung der Uhrmacher Partner mit Ihrem Auftrag und damit verbundene Dienste, wie das Erstellen von Versandetiketten und Lieferabholungen<\/p>\n<p>&nbsp;<\/p>\n<p><strong>Bestellprozess<\/strong><\/p>\n<p>Im Rahmen des Bestellprozesses k\u00f6nnen folgende Daten erhoben werden:<\/p>\n<p>Anrede, Firma, Name, Nachname, Anschrift, Angaben zur Uhrenmarke, dem Modell, der Fehlerbeschreibung und des Wertes der Uhr.<\/p>\n<p>Diese Daten werden f\u00fcr die Abwicklung der Bestellung und folgende andere Prozesse verwendet:<\/p>\n<p>Die f\u00fcr den Versand Ihrer Uhr vom jeweiligen Transportunternehmen ben\u00f6tigte Daten, wie Anschrift, Name, ggf. Telefonnummer und E-Mail Adresse f\u00fcr die Versandbest\u00e4tigungen und \u00dcbermittlung eines Trackinglinks des Sendungsstatus. Ebenso werden Daten an den jeweiligen, f\u00fcr Ihren Auftrag zust\u00e4ndigen Uhrmacher \u00fcbermittelt. Hierzu geh\u00f6ren Name, Anschrift, ggf. Telefonnummer und E-Mail Adresse sowie Daten zu Ihrer Uhr. Beauftragung von Versanddienstleistern und Transportunternehmen sowie Beauftragung der Uhrmacher Partner mit Ihrem Auftrag und damit verbundene Dienste, wie das Erstellen von Versandetiketten und Lieferabholungen<\/p>\n<p>Wir bieten Ihnen folgende Bezahlverfahren an: Kreditkarte, Paypal, Lastschrift. Zur Ausf\u00fchrung der Zahlung werden die Zahlungsdaten an die entsprechenden Zahlungsdienstleister \u00fcbermittelt. Rechtsgrundlage f\u00fcr diese Datenverarbeitung ist Art. 6 Abs.1 b DSGVO (vertragl. Verpflichtung).<\/p>\n<p>&nbsp;<\/p>\n<p><strong>Cookies<\/strong><\/p>\n<p>Zur besseren Benutzerf\u00fchrung setzen wir Cookies ein. Durch die Verwendung von Cookies wird die Nutzung von Webseiten f\u00fcr den Nutzer vereinfacht. Bestimmte Seiten sind ohne deren Einsatz nicht oder nicht fehlerfrei aufrufbar. Diese Gr\u00fcnde stellen auch das berechtigte Interesse f\u00fcr diese Datenverarbeitung nach Art. 6 Abs. 1 lit. f DSGVO dar (die Nutzung von Cookies zu Analysezwecken wird in einem anderen Punkt behandelt). G\u00e4ngige Browser bieten die Einstellungsm\u00f6glichkeit, Cookies nicht zuzulassen. Sie k\u00f6nnen Ihren Browser so einstellen, dass Sie \u00fcber das Setzen von Cookies informiert werden und Cookies nur im Einzelfall erlauben, die Annahme von Cookies ausschlie\u00dfen oder das automatische L\u00f6schen der Cookies beim Schlie\u00dfen des Browser aktivieren. Es ist nicht gew\u00e4hrleistet, dass Sie auf alle Funktionen dieser Website ohne Einschr\u00e4nkungen zugreifen k\u00f6nnen, wenn Sie entsprechende Einstellungen vornehmen.<\/p>\n<p>&nbsp;<\/p>\n<p><strong>Shopbewertung<\/strong><\/p>\n<p>Wir geben Ihnen die M\u00f6glichkeit, in Zusammenarbeit mit dem Internetportal www.trustedshops.de<a href=\"https:\/\/www.shopauskunft.de\/\" target=\"_blank\" rel=\"noopener\"> <\/a>eine Bewertung zu unserem Onlineshop und unseren Leistungen abzugeben. Hierzu erhalten Sie eine E-mail mit einem Link, der Sie auf die Bewertungsseite f\u00fchrt.<\/p>\n<p>Zu diesem Zweck und zur \u00dcbersendung der entsprechenden Informationen \u00fcbermitteln wir dem Anbieter des Internetportals www.trustedshops.de , der Firma Trusted Shops GmbH, folgende Daten Deiner Bestellung:<\/p>\n<ul>\n<li>E-Mail-Adresse<\/li>\n<li>Rechnungsnummer der zu bewertenden Warenbestellung<\/li>\n<li>Bestelldatum der zu bewertenden Warenbestellung<\/li>\n<li>Versanddatum der zu bewertenden Warenbestellung<\/li>\n<\/ul>\n<p>&nbsp;<\/p>\n<p><strong>Kontaktformular<\/strong><\/p>\n<p>Sie k\u00f6nnen sich \u00fcber ein Kontaktformular jederzeit mit Fragen oder Anregungen an uns wenden. Um Ihre Fragen beantworten oder Ihnen eine R\u00fcckmeldung zukommen lassen zu k\u00f6nnen, ben\u00f6tigen wir folgende Angaben: Name, Vorname, E-Mail Adresse und ggf. eine Auftragsnummer. Diese Daten verwenden wir ausschlie\u00dflich f\u00fcr die o.g. Zwecke. Rechtsgrundlage f\u00fcr die Verarbeitung der Daten, die im Zuge der Nutzung des Kontaktformulars oder der \u00dcbersendung einer E-Mail \u00fcbermittelt werden, ist Art. 6 Abs. 1 lit. f DSGVO.<\/p>\n<p>Zielt der E-Mail-Kontakt auf den Abschluss eines Vertrages ab, so ist zus\u00e4tzliche Rechtsgrundlage f\u00fcr die Verarbeitung Art. 6 Abs. 1 lit. b DSGVO.<\/p>\n<p>&nbsp;<\/p>\n<p><strong>Analyseprogramme<\/strong><\/p>\n<p><strong>Google Analytics<\/strong><\/p>\n<p>Diese Website benutzt Google Analytics, einen Webanalysedienst der Google Inc. (\u201eGoogle\u201c). Google Analytics verwendet sog. \u201eCookies\u201c, Textdateien, die auf Ihrem Computer gespeichert werden und die eine Analyse der Benutzung der Website durch Sie erm\u00f6glichen. Die durch den Cookie erzeugten Informationen \u00fcber Ihre Benutzung dieser Website werden in der Regel an einen Server von Google in den USA \u00fcbertragen und dort gespeichert. Im Falle der Aktivierung der IP-Anonymisierung auf dieser Webseite, wird Ihre IP-Adresse von Google jedoch innerhalb von Mitgliedstaaten der Europ\u00e4ischen Union oder in anderen Vertragsstaaten des Abkommens \u00fcber den Europ\u00e4ischen Wirtschaftsraum zuvor gek\u00fcrzt. Nur in Ausnahmef\u00e4llen wird die volle IP-Adresse an einen Server von Google in den USA \u00fcbertragen und dort gek\u00fcrzt. Im Auftrag des Betreibers dieser Website wird Google diese Informationen benutzen, um Ihre Nutzung der Website auszuwerten, um Reports \u00fcber die Websiteaktivit\u00e4ten zusammenzustellen und um weitere mit der Websitenutzung und der Internetnutzung verbundene Dienstleistungen gegen\u00fcber dem Websitebetreiber zu erbringen. Die im Rahmen von Google Analytics von Ihrem Browser \u00fcbermittelte IP-Adresse wird nicht mit anderen Daten von Google zusammengef\u00fchrt. Sie k\u00f6nnen die Speicherung der Cookies durch eine entsprechende Einstellung Ihrer Browser-Software verhindern; wir weisen Sie jedoch darauf hin, dass Sie in diesem Fall gegebenenfalls nicht s\u00e4mtliche Funktionen dieser Website vollumf\u00e4nglich werden nutzen k\u00f6nnen. Sie k\u00f6nnen dar\u00fcber hinaus die Erfassung der durch das Cookie erzeugten und auf Ihre Nutzung der Website bezogenen Daten (inkl. Ihrer IP-Adresse) an Google sowie die Verarbeitung dieser Daten durch Google verhindern, indem sie das unter dem folgenden Link <a href=\"http:\/\/tools.google.com\/dlpage\/gaoptout?hl=de\" target=\"_blank\" rel=\"noopener\">verf\u00fcgbare Browser-Plugin<\/a> herunterladen und installieren.<\/p>\n<p>Weitere Informationen zur Verwendung Ihrer Daten durch google finden Sie unter <a href=\"http:\/\/www.google.com\/analytics\/terms\/de.html\" target=\"_blank\" rel=\"noopener\">http:\/\/www.google.com\/analytics\/terms\/de.html<\/a> und <a href=\"http:\/\/www.google.com\/intl\/de\/analytics\/privacyoverview.html\" target=\"_blank\" rel=\"noopener\">http:\/\/www.google.com\/intl\/de\/analytics\/privacyoverview.html<\/a><\/p>\n<p>Die Speicherung von Google-Analytics-Cookies erfolgt auf Grundlage von Art. 6 Abs. 1 lit. f DSGVO. Der Websitebetreiber hat ein berechtigtes Interesse an der Analyse des Nutzerverhaltens, um sowohl sein Webangebot als auch seine Werbung zu optimieren und dient damit auch der Finanzierung und kundenorientierten Nutzung, Anpassung und Aktualisierung der Webseite.<\/p>\n<p>Auf dieser Webseite ist die IP-Anonymisierung aktiviert.<\/p>\n<p>&nbsp;<\/p>\n<p><strong>Social Plugins<\/strong><\/p>\n<p><strong>Facebook<\/strong><\/p>\n<p>Auf dieser Webseite werden sog. Social Plugins des sozialen Netzwerkes facebook.com verwendet, das von der Facebook Inc., 1601 S. California Ave, Palo Alto, CA 94304, USA, betrieben wird (\u201eFacebook\u201c). Sie sind i.d.R. an dem \u201eDaumen-hoch\u201c Zeichen erkennbar. Eine \u00dcbersicht \u00fcber die Social Plugins von Facebook erhalten Sie hier: <a href=\"http:\/\/developers.facebook.com\/plugins\" target=\"_blank\" rel=\"noopener\">http:\/\/developers.facebook.com\/plugins<\/a>.<\/p>\n<p>Beim Aufruf dieser Webseite wird eine Verbindung zwischen Ihrem Browser und den Servern von Facebook aufgebaut. Der Inhalt des Plugins wird von Facebook direkt an Ihren Browser \u00fcbermittelt und von diesem in die Webseite eingebunden. Wir haben daher leider weder Einfluss noch Kenntnis \u00fcber den Umfang der Daten, die Facebook mit Hilfe dieses Plugins erhebt.<\/p>\n<p>Durch die Einbindung der Plugins erh\u00e4lt Facebook die Information, dass ein Nutzer die entsprechende Seite des Angebots aufgerufen hat. Wenn Sie bei Facebook eingeloggt sind, kann Facebook den Besuch Ihrem Facebook-Konto zuordnen. Wenn Sie die Plugins anw\u00e4hlen (anklicken), wird die entsprechende Information von Ihrem Browser direkt an Facebook \u00fcbermittelt und dort gespeichert. Auch wenn Sie kein Mitglied bei Facebook sind, ist es m\u00f6glich, dass Facebook Ihre IP-Adresse in Erfahrung bringt und speichert. Laut Facebook wird in Deutschland die IP-Adresse jedoch nur anonymisiert gespeichert.<\/p>\n<p>Weitere Hinweise zum Zweck und Umfang der Datenerhebung und die weitere Verarbeitung und Nutzung der Daten durch Facebook nebst Informationen \u00fcber Rechte und Einstellungsm\u00f6glichkeiten erhalten Sie hier: <a href=\"http:\/\/www.facebook.com\/policy.php\" target=\"_blank\" rel=\"noopener\">http:\/\/www.facebook.com\/policy.php<\/a>.<\/p>\n<p>Es ist zudem m\u00f6glich, Facebook-Social-Plugins mit Add-ons f\u00fcr Ihren Browser zu blocken, zum Beispiel mit dem \u201eFacebook Blocker\u201c oder das Add-on \u201eAdBlock Plus\u201c f\u00fcr Firefox. Weitere Infos hierzu unter <a href=\"http:\/\/t3n.de\/news\/blockierst-facebook-tracking-345091\/\" target=\"_blank\" rel=\"noopener\">http:\/\/t3n.de\/news\/blockierst-facebook-tracking-345091\/<\/a>.<\/p>\n<p><strong>\u00a0<\/strong><\/p>\n<p><strong>Schaltfl\u00e4che von Google+<\/strong><\/p>\n<p>Diese Webseite benutzt die \u201e+1\u201c-Schaltfl\u00e4che des sozialen Netzwerkes Google Plus, welches von der Google Inc., 1600 Amphitheatre Parkway, Mountain View, CA 94043, United States betrieben wird (\u201eGoogle\u201c).<\/p>\n<p>Beim Aufruf dieser Webseite, wird eine Verbindung mit den Servern von Google aufgebaut. Da die \u201e+1\u201c-Schaltfl\u00e4che von Google direkt an den Browser \u00fcbermittelt wird und von diesem in die Webseite eingebunden wird, haben wir keinen Einfluss darauf und keine Kenntnis dar\u00fcber, in welchem Umfang Google Daten mit der Schaltfl\u00e4che erhebt. Google erkl\u00e4rt gg\u00fc den Nutzern, dass ohne einen Klick auf die Schaltfl\u00e4che keine personenbezogenen Daten erhoben w\u00fcrden. Nur bei eingeloggten Mitgliedern, w\u00fcrden solche Daten, unter anderem die IP-Adresse, erhoben und verarbeitet.<\/p>\n<p>Weitere Informationen \u00fcber Zweck und Umfang der Datenerhebung, deren Verarbeitung und Nutzung durch Google sowie Ihre diesbez\u00fcglichen Rechte und Einstellungsm\u00f6glichkeiten zum Schutz Ihrer Privatsph\u00e4re k\u00f6nnen die Nutzer Googles hier erlangen: <a href=\"http:\/\/www.google.com\/intl\/de\/+\/policy\/+1button.html\" target=\"_blank\" rel=\"noopener\">http:\/\/www.google.com\/intl\/de\/+\/policy\/+1button.html<\/a>.<\/p>\n<p>&nbsp;<\/p>\n<p><strong>Ihre Rechte als Nutzer<\/strong><\/p>\n<ol>\n<li>a) Recht auf Best\u00e4tigung<\/li>\n<\/ol>\n<p>Jede betroffene Person hat das Recht, Auskunft zu verlangen, ob \u00fcber sie personenbezogene Daten verarbeitet werden.<\/p>\n<ol>\n<li>b) Recht auf Auskunft (Art. 15 DSGVO)<\/li>\n<\/ol>\n<p>Jede betroffene Person hat das Recht, unentgeltliche Auskunft \u00fcber die zu seiner Person gespeicherten personenbezogenen Daten und eine Kopie dieser Auskunft zu erhalten.<\/p>\n<ol>\n<li>c) Recht auf Berichtigung (Art. 16 DSGVO)<\/li>\n<\/ol>\n<p>Die betroffene Person hat das Recht, von dem Verantwortlichen unverz\u00fcglich die Berichtigung sie betreffender unrichtiger personenbezogener Daten zu verlangen.<\/p>\n<ol>\n<li>d) Recht auf L\u00f6schung (Recht auf Vergessen werden) (Art. 17 DSGVO)<\/li>\n<\/ol>\n<p>Jede betroffene Person hat das Recht, zu verlangen, dass die sie betreffenden personenbezogenen Daten unverz\u00fcglich gel\u00f6scht werden, sofern einer der gesetzlich genannten Gr\u00fcnde zutrifft und soweit die Verarbeitung nicht erforderlich ist.<\/p>\n<ol>\n<li>e) Recht auf Einschr\u00e4nkung der Verarbeitung (Art. 18 DSGVO)<\/li>\n<\/ol>\n<p>Jede betroffene Person hat das Recht, die Einschr\u00e4nkung der Verarbeitung zu verlangen, sofern einer der gesetzlich genannten Gr\u00fcnde zutrifft.<\/p>\n<ol>\n<li>f) Recht auf Daten\u00fcbertragbarkeit (Art. 20 DSGVO)<\/li>\n<\/ol>\n<p>Jede betroffene Person hat das Recht, die sie betreffenden personenbezogenen Daten, welche durch sie einem Verantwortlichen bereitgestellt wurden, in einem strukturierten, g\u00e4ngigen und maschinenlesbaren Format zu erhalten und diese Daten einem anderen Verantwortlichen ohne Behinderung zu \u00fcbermitteln, sofern die Verarbeitung auf der Einwilligung gem\u00e4\u00df Art. 6 Abs. 1 Buchstabe a DS-GVO oder Art. 9 Abs. 2 Buchstabe a DS-GVO oder auf einem Vertrag gem\u00e4\u00df Art. 6 Abs. 1 Buchstabe b DS-GVO beruht und die Verarbeitung mithilfe automatisierter Verfahren erfolgt, sofern die Verarbeitung nicht f\u00fcr die Wahrnehmung einer Aufgabe erforderlich ist, die im \u00f6ffentlichen Interesse liegt oder in Aus\u00fcbung \u00f6ffentlicher Gewalt erfolgt, welche dem Verantwortlichen \u00fcbertragen wurde.<\/p>\n<p>Ferner hat die betroffene Person bei der Aus\u00fcbung ihres Rechts auf Daten\u00fcbertragbarkeit gem\u00e4\u00df Art. 20 Abs. 1 DS-GVO das Recht, zu erwirken, dass die personenbezogenen Daten direkt von einem Verantwortlichen an einen anderen Verantwortlichen \u00fcbermittelt werden, soweit dies technisch machbar ist und sofern hiervon nicht die Rechte und Freiheiten anderer Personen beeintr\u00e4chtigt werden.<\/p>\n<ol>\n<li>g) Recht auf Widerruf einer datenschutzrechtlichen Einwilligung (Art. 13 DSGVO)<\/li>\n<\/ol>\n<p>Jede betroffene Person hat das Recht, eine Einwilligung zur Verarbeitung personenbezogener Daten jederzeit zu widerrufen, wenn die Verarbeitung auf Art.6 Abs. 1 lit. a oder Art. 9 Abs. 2 lit. a beruht, ohne dass die Rechtm\u00e4\u00dfigkeit der aufgrund der Einwilligung bis zum Widerruf erfolgten Verarbeitung ber\u00fchrt wird.<\/p>\n<ol>\n<li><strong>h) Recht auf Widerspruch (Art. 21 DSGVO)\u2028Jede betroffene Person hat das Recht, aus Gr\u00fcnden, die sich aus ihrer besonderen Situation ergeben, jederzeit gegen die Verarbeitung sie betreffender personenbezogener Daten, die aufgrund von Art. 6 Abs. 1 Buchstaben e oder f DS-GVO erfolgt, Widerspruch einzulegen. Dies gilt auch f\u00fcr ein auf diese Bestimmungen gest\u00fctztes Profiling. Werden personenbezogene Daten verarbeitet, um Direktwerbung zu betreiben, so hat die betroffene Person das Recht, jederzeit Widerspruch gegen die Verarbeitung sie betreffender personenbezogener Daten zum Zwecke derartiger Werbung einzulegen; dies gilt auch f\u00fcr das Profiling, soweit es mit solcher Direktwerbung in Verbindung steht.<\/strong><\/li>\n<\/ol>\n<ol>\n<li>i) Automatisierte Entscheidungen im Einzelfall einschlie\u00dflich Profiling (Art. 22 DSGVO)<\/li>\n<\/ol>\n<p>Jede betroffene Person hat das Recht, nicht einer ausschlie\u00dflich auf einer automatisierten Verarbeitung \u2013 einschlie\u00dflich Profiling \u2013 beruhenden Entscheidung unterworfen zu werden, die ihr gegen\u00fcber rechtliche Wirkung entfaltet oder sie in \u00e4hnlicher Weise erheblich beeintr\u00e4chtigt, sofern die Entscheidung<\/p>\n<ul>\n<li>(1) nicht f\u00fcr den Abschluss oder die Erf\u00fcllung eines Vertrags zwischen der betroffenen Person und dem Verantwortlichen erforderlich ist, oder<\/li>\n<li>(2) aufgrund von Rechtsvorschriften der Union oder der Mitgliedstaaten, denen der Verantwortliche unterliegt, zul\u00e4ssig ist und diese Rechtsvorschriften angemessene Ma\u00dfnahmen zur Wahrung der Rechte und Freiheiten sowie der berechtigten Interessen der betroffenen Person enthalten oder<\/li>\n<li>(3) mit ausdr\u00fccklicher Einwilligung der betroffenen Person erfolgt.<\/li>\n<\/ul>\n<p>In den in (1) und (3) genannten F\u00e4llen werden angemessene Ma\u00dfnahmen getroffen, um die Rechte und Freiheiten sowie die berechtigten Interessen der betroffenen Person zu wahren, wozu mindestens das Recht auf Erwirkung des Eingreifens einer Person seitens des Verantwortlichen, auf Darlegung des eigenen Standpunkts und auf Anfechtung der Entscheidung geh\u00f6rt.<\/p>\n<p><strong>Beschwerderecht bei der zust\u00e4ndigen Aufsichtsbeh\u00f6rde<\/strong><\/p>\n<p>Im Falle von datenschutzrechtlichen Verst\u00f6\u00dfen hat die betroffene Person ein Beschwerderecht bei der zust\u00e4ndigen Aufsichtsbeh\u00f6rde. Dies ist der oder die Landesdatenschutzbeauftragte des Bundeslandes, in dem unser Unternehmen seinen Sitz hat. Eine Liste der Datenschutzbeauftragten finden Sie hier: <a href=\"http:\/\/info.123recht.net\/index.php?id=245&amp;mid=337&amp;aC=3d11fff4&amp;jumpurl=2\" target=\"_blank\" rel=\"noopener\">https:\/\/www.bfdi.bund.de\/DE\/Infothek\/Anschriften_Links\/anschriften_links-node.html<\/a>.<\/p>\n<p><strong>Dauer, f\u00fcr die die personenbezogenen Daten gespeichert werden<\/strong><\/p>\n<p>Das Kriterium f\u00fcr die Dauer der Speicherung von personenbezogenen Daten ist die jeweilige gesetzlich vorgeschriebene Aufbewahrungsfrist. Nach Ablauf der Frist werden die entsprechenden Daten routinem\u00e4\u00dfig gel\u00f6scht, sofern sie nicht mehr zur Vertragserf\u00fcllung oder Vertragsanbahnung erforderlich sind.<\/p>\n<p>&nbsp;<\/p>\n<p><strong>Fremde Inhalte<\/strong><\/p>\n<p>Auf Seiten unseres Webangebotes k\u00f6nnen auch Inhalte Dritter (z.B. YouTube Videos oder Videos anderer Anbieter, Google-Maps, RSS-Feeds o.\u00c4.) eingebunden sein. Die Anbieter dieser Inhalte speichen i.d.R. Cookies auf dem Rechner der Nutzer. Dies k\u00f6nnen Sie durch entsprechende Einstellungen Ihres Browsers verhindern, was jedoch zur Folge haben kann, dass diese Inhalte nicht korrekt angezeigt werden.<\/p>\n<p>Dar\u00fcber hinaus speichern viele (Dritt-)Anbieter die IP-Adresse der Nutzer, um die entsprechenden Inhalte an den Browser des Nutzers senden zu k\u00f6nnen. Auf die Verwendung der IP-Adresse beim (Dritt-)Anbieter haben wir leider keinen Einfluss.<\/p>\n<p>&nbsp;<\/p>\n<p>Verantwortlich f\u00fcr die Einhaltung und Kontrolle unserer Datenschutzpflichten ist unser Datenschutzbeauftragter. Dieser steht Ihnen auch gern f\u00fcr weitere Ausk\u00fcnfte rund um das Thema Datenschutz zur Verf\u00fcgung.<\/p>\n<p>MeinUhrmacher24<\/p>\n<p>Herr Maximilian Herrmann<\/p>\n<p>Azenbergstra\u00dfe 31<\/p>\n<p>70174 Stuttgart<\/p>\n<p>info@meinuhrmacher24.de<\/p>\n<p>&nbsp;<\/p>\n<p>&nbsp;<\/p>\n<\/div>\n<p>[\/et_pb_text][\/et_pb_column][\/et_pb_row][\/et_pb_section]<\/p>\n","protected":false},"excerpt":{"rendered":"<p>Datenschutzerkl\u00e4rung Datenschutzerkl\u00e4rung von www.meinuhrmacher24.de Sehr geehrte Besucherinnen und Besucher, wir freuen uns \u00fcber Ihren Besuch auf unseren Webseiten. Wir m\u00f6chten, dass Sie sich hierbei sicher und wohl f\u00fchlen. Der Schutz Ihrer Privatsph\u00e4re ist f\u00fcr uns von hoher Bedeutung. Die nachfolgenden Datenschutzbestimmungen sind daf\u00fcr gedacht, Sie \u00fcber unsere Handhabung der Erhebung, Verwendung und Weitergabe von pers\u00f6nlichen [&hellip;]<\/p>\n","protected":false},"author":1,"featured_media":0,"parent":0,"menu_order":0,"comment_status":"closed","ping_status":"closed","template":"","meta":{"_et_pb_use_builder":"on","_et_pb_old_content":"","_et_gb_content_width":"","footnotes":""},"_links":{"self":[{"href":"https:\/\/www.meinuhrmacher24.de\/online-uhrreparatur\/wp-json\/wp\/v2\/pages\/141"}],"collection":[{"href":"https:\/\/www.meinuhrmacher24.de\/online-uhrreparatur\/wp-json\/wp\/v2\/pages"}],"about":[{"href":"https:\/\/www.meinuhrmacher24.de\/online-uhrreparatur\/wp-json\/wp\/v2\/types\/page"}],"author":[{"embeddable":true,"href":"https:\/\/www.meinuhrmacher24.de\/online-uhrreparatur\/wp-json\/wp\/v2\/users\/1"}],"replies":[{"embeddable":true,"href":"https:\/\/www.meinuhrmacher24.de\/online-uhrreparatur\/wp-json\/wp\/v2\/comments?post=141"}],"version-history":[{"count":1,"href":"https:\/\/www.meinuhrmacher24.de\/online-uhrreparatur\/wp-json\/wp\/v2\/pages\/141\/revisions"}],"predecessor-version":[{"id":4609,"href":"https:\/\/www.meinuhrmacher24.de\/online-uhrreparatur\/wp-json\/wp\/v2\/pages\/141\/revisions\/4609"}],"wp:attachment":[{"href":"https:\/\/www.meinuhrmacher24.de\/online-uhrreparatur\/wp-json\/wp\/v2\/media?parent=141"}],"curies":[{"name":"wp","href":"https:\/\/api.w.org\/{rel}","templated":true}]}}