{"id":1282,"date":"2020-01-28T23:40:58","date_gmt":"2020-01-28T22:40:58","guid":{"rendered":"http:\/\/www.meinuhrmacher24.de\/?page_id=1282"},"modified":"2023-05-05T23:22:53","modified_gmt":"2023-05-05T21:22:53","slug":"sonstige-markenuhren-reparatur-wartung-revision-service-kosten","status":"publish","type":"page","link":"https:\/\/www.meinuhrmacher24.de\/online-uhrreparatur\/sonstige-markenuhren-reparatur-wartung-revision-service-kosten\/","title":{"rendered":"Sonstige Markenuhren"},"content":{"rendered":"<p>[et_pb_section fb_built=&#8220;1&#8243; fullwidth=&#8220;on&#8220; admin_label=&#8220;Header Section&#8220; _builder_version=&#8220;4.16&#8243; background_color=&#8220;#000000&#8243; custom_padding=&#8220;|||&#8220; global_colors_info=&#8220;{}&#8220;][et_pb_fullwidth_header title=&#8220;Sonstige Markenuhren&#8220; subhead=&#8220;Service, Reparatur, Revision&#8220; text_orientation=&#8220;center&#8220; header_fullscreen=&#8220;on&#8220; header_scroll_down=&#8220;on&#8220; scroll_down_icon=&#8220;%%2%%&#8220; scroll_down_icon_color=&#8220;#ffffff&#8220; button_one_text=&#8220;Versandbox bestellen&#8220; background_overlay_color=&#8220;rgba(0,0,0,0.4)&#8220; content_max_width_last_edited=&#8220;off|desktop&#8220; admin_label=&#8220;Contents&#8220; _builder_version=&#8220;4.16&#8243; title_font=&#8220;Oswald|||on|&#8220; title_text_align=&#8220;center&#8220; title_font_size=&#8220;80px&#8220; title_letter_spacing=&#8220;0.05em&#8220; title_line_height=&#8220;1.5em&#8220; subhead_font=&#8220;Nunito|600|||||||&#8220; subhead_font_size=&#8220;20px&#8220; subhead_line_height=&#8220;1.9em&#8220; background_color=&#8220;rgba(255, 255, 255, 0)&#8220; background_image=&#8220;https:\/\/www.meinuhrmacher24.de\/wp-content\/uploads\/2020\/02\/watches-2562055_1920.jpg&#8220; parallax=&#8220;on&#8220; parallax_method=&#8220;on&#8220; custom_button_one=&#8220;on&#8220; button_one_text_size=&#8220;15px&#8220; button_one_text_color=&#8220;#e09900&#8243; button_one_bg_color=&#8220;#000000&#8243; button_one_border_width=&#8220;10px&#8220; button_one_border_color=&#8220;#e09900&#8243; button_one_border_radius=&#8220;0px&#8220; button_one_letter_spacing=&#8220;3px&#8220; button_one_font=&#8220;Oswald|||on|&#8220; button_one_use_icon=&#8220;off&#8220; animation_style=&#8220;fade&#8220; animation_starting_opacity=&#8220;50%&#8220; animation_speed_curve=&#8220;ease-in&#8220; title_font_size_tablet=&#8220;60px&#8220; title_font_size_phone=&#8220;40px&#8220; title_font_size_last_edited=&#8220;on|tablet&#8220; button_one_border_color_hover=&#8220;#c99872&#8243; button_one_border_radius_hover=&#8220;0px&#8220; button_one_letter_spacing_hover=&#8220;3px&#8220; button_one_bg_color_hover=&#8220;#c99872&#8243; global_colors_info=&#8220;{}&#8220; button_one_text_size__hover_enabled=&#8220;off&#8220; button_two_text_size__hover_enabled=&#8220;off&#8220; button_one_text_color__hover_enabled=&#8220;off&#8220; button_two_text_color__hover_enabled=&#8220;off&#8220; button_one_border_width__hover_enabled=&#8220;off&#8220; button_two_border_width__hover_enabled=&#8220;off&#8220; button_one_border_color__hover_enabled=&#8220;on&#8220; button_one_border_color__hover=&#8220;#c99872&#8243; button_two_border_color__hover_enabled=&#8220;off&#8220; button_one_border_radius__hover_enabled=&#8220;on&#8220; button_one_border_radius__hover=&#8220;0px&#8220; button_two_border_radius__hover_enabled=&#8220;off&#8220; button_one_letter_spacing__hover_enabled=&#8220;on&#8220; button_one_letter_spacing__hover=&#8220;3px&#8220; button_two_letter_spacing__hover_enabled=&#8220;off&#8220; button_one_bg_color__hover_enabled=&#8220;on&#8220; button_one_bg_color__hover=&#8220;#c99872&#8243; button_two_bg_color__hover_enabled=&#8220;off&#8220;][\/et_pb_fullwidth_header][\/et_pb_section][et_pb_section fb_built=&#8220;1&#8243; admin_label=&#8220;Video Title Section&#8220; _builder_version=&#8220;4.16&#8243; background_color=&#8220;#ffffff&#8220; custom_padding=&#8220;120px|0px|60px|0px&#8220; saved_tabs=&#8220;all&#8220; global_colors_info=&#8220;{}&#8220;][et_pb_row admin_label=&#8220;Video Row&#8220; _builder_version=&#8220;4.16&#8243; custom_padding=&#8220;|||&#8220; global_colors_info=&#8220;{}&#8220;][et_pb_column type=&#8220;4_4&#8243; _builder_version=&#8220;4.16&#8243; custom_padding=&#8220;|||&#8220; global_colors_info=&#8220;{}&#8220; custom_padding__hover=&#8220;|||&#8220;][et_pb_text admin_label=&#8220;Tittle&#8220; _builder_version=&#8220;4.16&#8243; header_2_font=&#8220;Oswald|||on|||||&#8220; header_2_text_align=&#8220;center&#8220; header_2_text_color=&#8220;#000000&#8243; header_2_font_size=&#8220;40px&#8220; header_2_letter_spacing=&#8220;2px&#8220; header_2_line_height=&#8220;1.5em&#8220; background_layout=&#8220;dark&#8220; max_width=&#8220;600px&#8220; module_alignment=&#8220;center&#8220; global_colors_info=&#8220;{}&#8220;]<\/p>\n<h2>Reparatur &amp; Service F\u00fcr Ihre MarkenUhr<\/h2>\n<p>[\/et_pb_text][et_pb_text disabled_on=&#8220;off|off|off&#8220; admin_label=&#8220;texts&#8220; _builder_version=&#8220;4.16&#8243; text_font=&#8220;Nunito||||||||&#8220; text_text_color=&#8220;#e09900&#8243; text_font_size=&#8220;18px&#8220; text_line_height=&#8220;1.8em&#8220; header_font=&#8220;Oswald||||&#8220; header_font_size=&#8220;16px&#8220; header_letter_spacing=&#8220;2px&#8220; header_line_height=&#8220;1.7em&#8220; text_orientation=&#8220;center&#8220; max_width=&#8220;600px&#8220; max_width_tablet=&#8220;&#8220; max_width_phone=&#8220;&#8220; max_width_last_edited=&#8220;on|phone&#8220; module_alignment=&#8220;center&#8220; custom_margin=&#8220;-30px|||&#8220; global_colors_info=&#8220;{}&#8220;]<\/p>\n<p>H\u00f6chste Qualit\u00e4t<\/p>\n<p>[\/et_pb_text][\/et_pb_column][\/et_pb_row][\/et_pb_section][et_pb_section fb_built=&#8220;1&#8243; _builder_version=&#8220;4.16&#8243; global_colors_info=&#8220;{}&#8220;][et_pb_row _builder_version=&#8220;4.16&#8243; global_colors_info=&#8220;{}&#8220;][et_pb_column type=&#8220;4_4&#8243; _builder_version=&#8220;4.16&#8243; global_colors_info=&#8220;{}&#8220;][et_pb_text _builder_version=&#8220;4.16&#8243; global_colors_info=&#8220;{}&#8220;]<\/p>\n<p>Ihre Uhr ist in unserer Auswahl nicht aufgelistet? Seien Sie unbesorgt! Nat\u00fcrlich k\u00fcmmern sich unsere Partnerwerkst\u00e4tten auch gerne um Ihre Uhr einer anderen Marke.<\/p>\n<p>W\u00e4hlen Sie hierf\u00fcr einfach im Bestellformular bei &#8222;Marke&#8220; den Punkt &#8222;sonstige&#8220;. Anschlie\u00dfend geben Sie den Herstellernamen Ihrer Armbanduhr im Feld &#8222;Bemerkungen&#8220; an.<\/p>\n<p>[\/et_pb_text][\/et_pb_column][\/et_pb_row][\/et_pb_section][et_pb_section fb_built=&#8220;1&#8243; admin_label=&#8220;Video Section&#8220; _builder_version=&#8220;4.16&#8243; background_color=&#8220;#ffffff&#8220; custom_padding=&#8220;0px|0px|0px|0px&#8220; saved_tabs=&#8220;all&#8220; global_colors_info=&#8220;{}&#8220;][et_pb_row column_structure=&#8220;1_4,1_4,1_4,1_4&#8243; _builder_version=&#8220;4.16&#8243; global_colors_info=&#8220;{}&#8220;][et_pb_column type=&#8220;1_4&#8243; _builder_version=&#8220;4.16&#8243; global_colors_info=&#8220;{}&#8220;][et_pb_blurb title=&#8220;Kostenlose Einsendung&#8220; use_icon=&#8220;on&#8220; font_icon=&#8220;&#xe010;||divi||400&#8243; icon_color=&#8220;#e09900&#8243; _builder_version=&#8220;4.16&#8243; header_text_color=&#8220;#000000&#8243; body_text_color=&#8220;#e09900&#8243; global_colors_info=&#8220;{}&#8220;]<\/p>\n<ul>\n<li>schnelle Reparatur<\/li>\n<li>original Ersatzteile<\/li>\n<\/ul>\n<p>[\/et_pb_blurb][\/et_pb_column][et_pb_column type=&#8220;1_4&#8243; _builder_version=&#8220;4.16&#8243; global_colors_info=&#8220;{}&#8220;][et_pb_blurb title=&#8220;Gratis Kostenvoranschlag&#8220; use_icon=&#8220;on&#8220; font_icon=&#8220;&#xe0ee;||divi||400&#8243; icon_color=&#8220;#e09900&#8243; _builder_version=&#8220;4.16&#8243; header_text_color=&#8220;#000000&#8243; body_text_color=&#8220;#e09900&#8243; global_colors_info=&#8220;{}&#8220;]<\/p>\n<ul>\n<li>fair und transparent<\/li>\n<li>unverbindlich<\/li>\n<\/ul>\n<p>[\/et_pb_blurb][\/et_pb_column][et_pb_column type=&#8220;1_4&#8243; _builder_version=&#8220;4.16&#8243; global_colors_info=&#8220;{}&#8220;][et_pb_blurb title=&#8220;Erfahrene Uhrmacher&#8220; use_icon=&#8220;on&#8220; font_icon=&#8220;&#xe033;||divi||400&#8243; icon_color=&#8220;#e09900&#8243; _builder_version=&#8220;4.16&#8243; header_text_color=&#8220;#000000&#8243; body_text_color=&#8220;#e09900&#8243; global_colors_info=&#8220;{}&#8220;]<\/p>\n<ul>\n<li>modernste Werkst\u00e4tten<\/li>\n<li>langj\u00e4hrige Erfahrung<\/li>\n<li>ausgew\u00e4hlte Betriebe<\/li>\n<\/ul>\n<p>[\/et_pb_blurb][\/et_pb_column][et_pb_column type=&#8220;1_4&#8243; _builder_version=&#8220;4.16&#8243; global_colors_info=&#8220;{}&#8220;][et_pb_blurb title=&#8220;12 Monate Garantie&#8220; use_icon=&#8220;on&#8220; font_icon=&#8220;&#xe60d;||divi||400&#8243; icon_color=&#8220;#e09900&#8243; _builder_version=&#8220;4.16&#8243; header_text_color=&#8220;#000000&#8243; body_text_color=&#8220;#e09900&#8243; global_colors_info=&#8220;{}&#8220;]<\/p>\n<ul>\n<li>h\u00f6chste Qualit\u00e4t<\/li>\n<li>Top Kundenservice<\/li>\n<\/ul>\n<p>[\/et_pb_blurb][\/et_pb_column][\/et_pb_row][\/et_pb_section][et_pb_section fb_built=&#8220;1&#8243; admin_label=&#8220;Best Beans&#8220; _builder_version=&#8220;4.16&#8243; background_color=&#8220;#ffffff&#8220; background_color_gradient_direction=&#8220;90deg&#8220; custom_padding=&#8220;0px|0px|0px|0px&#8220; global_colors_info=&#8220;{}&#8220;][et_pb_row _builder_version=&#8220;4.16&#8243; global_colors_info=&#8220;{}&#8220;][et_pb_column type=&#8220;4_4&#8243; _builder_version=&#8220;4.16&#8243; global_colors_info=&#8220;{}&#8220;][et_pb_text _builder_version=&#8220;4.16&#8243; header_font=&#8220;|||on|||||&#8220; header_text_color=&#8220;#000000&#8243; header_font_size=&#8220;34px&#8220; background_color=&#8220;#ffffff&#8220; text_orientation=&#8220;center&#8220; text_text_align=&#8220;center&#8220; global_colors_info=&#8220;{}&#8220;]<\/p>\n<h1><strong>Kostenlose Versandbox<\/strong><\/h1>\n<p>[\/et_pb_text][et_pb_button button_text=&#8220;Hier bestellen&#8220; button_alignment=&#8220;center&#8220; _builder_version=&#8220;4.16&#8243; custom_button=&#8220;on&#8220; button_text_color=&#8220;#e09900&#8243; global_colors_info=&#8220;{}&#8220;][\/et_pb_button][\/et_pb_column][\/et_pb_row][\/et_pb_section][et_pb_section fb_built=&#8220;1&#8243; fullwidth=&#8220;on&#8220; _builder_version=&#8220;4.16&#8243; global_colors_info=&#8220;{}&#8220;][et_pb_fullwidth_header title=&#8220;Preise f\u00fcr Reparaturen &#038; Service&#8220; text_orientation=&#8220;center&#8220; _builder_version=&#8220;4.16&#8243; title_font=&#8220;||||||||&#8220; title_text_color=&#8220;#e09900&#8243; title_font_size=&#8220;39px&#8220; background_color=&#8220;#000000&#8243; global_colors_info=&#8220;{}&#8220;][\/et_pb_fullwidth_header][\/et_pb_section][et_pb_section fb_built=&#8220;1&#8243; _builder_version=&#8220;4.16&#8243; global_colors_info=&#8220;{}&#8220;][et_pb_row column_structure=&#8220;1_4,1_4,1_4,1_4&#8243; _builder_version=&#8220;4.16&#8243; global_colors_info=&#8220;{}&#8220;][et_pb_column type=&#8220;1_4&#8243; _builder_version=&#8220;4.16&#8243; global_colors_info=&#8220;{}&#8220;][et_pb_pricing_tables _builder_version=&#8220;4.16&#8243; global_colors_info=&#8220;{}&#8220;][et_pb_pricing_table title=&#8220;(Teil-) Reparatur&#8220; subtitle=&#8220;ab&#8220; currency=&#8220;\u20ac&#8220; sum=&#8220;99&#8243; bullet_color=&#8220;#000000&#8243; _builder_version=&#8220;4.16&#8243; price_text_color=&#8220;#E09900&#8243; global_colors_info=&#8220;{}&#8220; sticky_transition=&#8220;on&#8220;]<\/p>\n<p>f\u00fcr alle Modelle m\u00f6glich<\/p>\n<p>original Teile<\/p>\n<p>spezialisierte Meisterbetriebe f\u00fcr erstklassige Qualit\u00e4t<\/p>\n<p>[\/et_pb_pricing_table][\/et_pb_pricing_tables][\/et_pb_column][et_pb_column type=&#8220;1_4&#8243; _builder_version=&#8220;4.16&#8243; global_colors_info=&#8220;{}&#8220;][et_pb_pricing_tables _builder_version=&#8220;4.16&#8243; global_colors_info=&#8220;{}&#8220;][et_pb_pricing_table title=&#8220;Revision\/Wartung&#8220; subtitle=&#8220;ab&#8220; currency=&#8220;\u20ac&#8220; sum=&#8220;119&#8243; bullet_color=&#8220;#000000&#8243; _builder_version=&#8220;4.16&#8243; price_text_color=&#8220;#E09900&#8243; global_colors_info=&#8220;{}&#8220; sticky_transition=&#8220;on&#8220;]<\/p>\n<p>Uhr-Zerlegung in Einzelteile<\/p>\n<p>Besch\u00e4digungs- und Verschlei\u00dfpr\u00fcfung<\/p>\n<p>Reinigung aller Teile um \u00d6le und Verschmutzungen zu beseitigen<\/p>\n<p>Montage und Schmierung des Uhrwerks<\/p>\n<p>Einstellen des Uhrwerks<\/p>\n<p>Tests zur Wasserdichtigkeit und Ganggenauigkeit mit Protokoll<\/p>\n<p>[\/et_pb_pricing_table][\/et_pb_pricing_tables][\/et_pb_column][et_pb_column type=&#8220;1_4&#8243; _builder_version=&#8220;4.16&#8243; global_colors_info=&#8220;{}&#8220;][et_pb_pricing_tables _builder_version=&#8220;4.21.0&#8243; hover_enabled=&#8220;0&#8243; global_colors_info=&#8220;{}&#8220; sticky_enabled=&#8220;0&#8243;][et_pb_pricing_table title=&#8220;Optische Aufarbeitung&#8220; subtitle=&#8220;ab&#8220; currency=&#8220;\u20ac&#8220; sum=&#8220;45&#8243; bullet_color=&#8220;#000000&#8243; _builder_version=&#8220;4.21.0&#8243; price_text_color=&#8220;#E09900&#8243; hover_enabled=&#8220;0&#8243; global_colors_info=&#8220;{}&#8220; sticky_transition=&#8220;on&#8220; sticky_enabled=&#8220;0&#8243;]<\/p>\n<p>Optische Aufarbeitungen und Polituren von Geh\u00e4usen und Armb\u00e4ndern<\/p>\n<p>[\/et_pb_pricing_table][\/et_pb_pricing_tables][\/et_pb_column][et_pb_column type=&#8220;1_4&#8243; _builder_version=&#8220;4.16&#8243; global_colors_info=&#8220;{}&#8220;][et_pb_pricing_tables _builder_version=&#8220;4.21.0&#8243; hover_enabled=&#8220;0&#8243; global_colors_info=&#8220;{}&#8220; sticky_enabled=&#8220;0&#8243;][et_pb_pricing_table title=&#8220;Batterieservice&#8220; subtitle=&#8220;ab&#8220; currency=&#8220;\u20ac&#8220; sum=&#8220;35&#8243; bullet_color=&#8220;#000000&#8243; _builder_version=&#8220;4.21.0&#8243; price_text_color=&#8220;#E09900&#8243; hover_enabled=&#8220;0&#8243; global_colors_info=&#8220;{}&#8220; sticky_transition=&#8220;on&#8220; sticky_enabled=&#8220;0&#8243;]<\/p>\n<p>Batterietausch<\/p>\n<p>Funktionscheck<\/p>\n<p>Wasserdichtigkeitspr\u00fcfung<\/p>\n<p>[\/et_pb_pricing_table][\/et_pb_pricing_tables][\/et_pb_column][\/et_pb_row][et_pb_row _builder_version=&#8220;4.16&#8243; _module_preset=&#8220;default&#8220; global_colors_info=&#8220;{}&#8220; theme_builder_area=&#8220;post_content&#8220;][et_pb_column type=&#8220;4_4&#8243; _builder_version=&#8220;4.16&#8243; _module_preset=&#8220;default&#8220; global_colors_info=&#8220;{}&#8220; theme_builder_area=&#8220;post_content&#8220;][et_pb_text _builder_version=&#8220;4.16&#8243; _module_preset=&#8220;default&#8220; global_colors_info=&#8220;{}&#8220; theme_builder_area=&#8220;post_content&#8220;]<\/p>\n<p>* alle Preise inkl. MwSt &amp; Gratis Versandbox. Zuz\u00fcglich Werttransportpauschale. Sind Ersatzteile, wie Glas, Dr\u00fccker, Krone, Umkehrr\u00e4der usw. f\u00e4llig, werden diese separat berechnet.<br \/>Sie erhalten vor der Ausf\u00fchrung der Service- oder Reparaturarbeiten einen detailierten und transparenten Kostenvoranschlag, aus dem f\u00fcr Sie die einzelenen Positionen und der Grund der Arbeiten bzw. Ersatzteilen ersichtlich ist.<\/p>\n<p>Sofern die Herstellervorgaben es zulassen, erhalten Sie mit der R\u00fccksendung Ihrer Uhr die ausgetauschten Altteile beigelegt.<br \/>\u00c4nderungen und Irrt\u00fcmer vorbehalten.<\/p>\n<p>[\/et_pb_text][\/et_pb_column][\/et_pb_row][\/et_pb_section]<\/p>\n","protected":false},"excerpt":{"rendered":"<p>Reparatur &amp; Service F\u00fcr Ihre MarkenUhrH\u00f6chste Qualit\u00e4tIhre Uhr ist in unserer Auswahl nicht aufgelistet? Seien Sie unbesorgt! Nat\u00fcrlich k\u00fcmmern sich unsere Partnerwerkst\u00e4tten auch gerne um Ihre Uhr einer anderen Marke. W\u00e4hlen Sie hierf\u00fcr einfach im Bestellformular bei &#8222;Marke&#8220; den Punkt &#8222;sonstige&#8220;. Anschlie\u00dfend geben Sie den Herstellernamen Ihrer Armbanduhr im Feld &#8222;Bemerkungen&#8220; an. schnelle Reparatur original [&hellip;]<\/p>\n","protected":false},"author":1,"featured_media":0,"parent":0,"menu_order":0,"comment_status":"closed","ping_status":"closed","template":"","meta":{"_et_pb_use_builder":"on","_et_pb_old_content":"","_et_gb_content_width":"","footnotes":""},"_links":{"self":[{"href":"https:\/\/www.meinuhrmacher24.de\/online-uhrreparatur\/wp-json\/wp\/v2\/pages\/1282"}],"collection":[{"href":"https:\/\/www.meinuhrmacher24.de\/online-uhrreparatur\/wp-json\/wp\/v2\/pages"}],"about":[{"href":"https:\/\/www.meinuhrmacher24.de\/online-uhrreparatur\/wp-json\/wp\/v2\/types\/page"}],"author":[{"embeddable":true,"href":"https:\/\/www.meinuhrmacher24.de\/online-uhrreparatur\/wp-json\/wp\/v2\/users\/1"}],"replies":[{"embeddable":true,"href":"https:\/\/www.meinuhrmacher24.de\/online-uhrreparatur\/wp-json\/wp\/v2\/comments?post=1282"}],"version-history":[{"count":0,"href":"https:\/\/www.meinuhrmacher24.de\/online-uhrreparatur\/wp-json\/wp\/v2\/pages\/1282\/revisions"}],"wp:attachment":[{"href":"https:\/\/www.meinuhrmacher24.de\/online-uhrreparatur\/wp-json\/wp\/v2\/media?parent=1282"}],"curies":[{"name":"wp","href":"https:\/\/api.w.org\/{rel}","templated":true}]}}